{"id":1477,"date":"2016-06-21T08:52:37","date_gmt":"2016-06-21T08:52:37","guid":{"rendered":"http:\/\/wp.elbahotel.net\/hotel-castiglioncello\/?lang=en"},"modified":"2016-12-12T09:48:59","modified_gmt":"2016-12-12T09:48:59","slug":"hotel-castiglioncello","status":"publish","type":"page","link":"https:\/\/www.elbahotel.net\/en\/","title":{"rendered":"HOTEL CASTIGLIONCELLO"},"content":{"rendered":"<p>[vc_row css=&#8221;.vc_custom_1467596850005{margin-top: -90px !important;margin-bottom: 90px !important;}&#8221;][vc_column]<style>\r\n\t#ITH_dtCheckIn_div, #ITH_dtCheckOut_div, #ITH_Pax_div, #ITH_MainForm button{\r\n\t\tmax-width: 25%;\r\n\t\twidth: 100%;\r\n\t\tfloat: left;\r\n\t}\r\n\t#ITH_MainForm button{\r\n\t\tbackground: #84a016;\r\n\t\tborder: 0;\r\n\t\tcolor: #fff;\r\n\t\tfont-size: 20px;\r\n\t\ttext-transform: uppercase;\r\n\t\tborder-radius: 5px;\r\n\t\tpadding: 10px;\r\n\t}\r\n\t#ITH_dtCheckIn, #ITH_dtCheckOut, #ITH_Pax{\r\n\t\tborder-radius: 5px;\r\n\t\tpadding: 10px;\r\n\t\tborder: 0;\r\n\t\tmargin: 0 5px;\r\n\t\tbackground-color: #fff;\r\n\t}\t\r\n\t#ITH_MainForm{\r\n\t\tpadding: 40px 30px;\r\n\t\tbackground: #dbe2e3;\r\n\t}\r\n\tform#ITH_MainForm:after {\r\n\t\tcontent: ' ';\r\n\t\tdisplay: block;\r\n\t\tclear: both;\r\n\t}\r\n\t@media (max-width: 480px){\r\n\t\t#ITH_dtCheckIn_div, #ITH_dtCheckOut_div, #ITH_Pax_div, #ITH_MainForm button{\r\n\t\t\tmax-width: 100%;\r\n\t\t\tfloat: unset;\r\n\t\t\tmargin: 5px 0;\r\n\t\t}\r\n\t\t#ITH_dtCheckIn, #ITH_dtCheckOut, #ITH_Pax {\r\n\t\t\twidth: 50%;\r\n\t\t}\r\n\t\t#ITH_MainForm {\r\n\t\t\tmargin-top: 90px;\r\n\t\t}\r\n\t}\r\n<\/style>\r\n<div class=\"iw-check-availability\">\r\n\t<div class=\"row\">\r\n\t\t<div class=\"item availability col-md-12 col-sm-12 col-xs-12\">\r\n\t\t\t<div class=\"check-availability\">\r\n\t\t\t\t<!--<script type=\"text\/javascript\" src=\"https:\/\/booking.holidayonline.org\/elba-hotel.php?cmd=getscript&target=booking-form&referer=http:\/\/www.elbahotel.net\/&estid=105965&lang=EN&extrabeds=0&setpromo=0&setcodag=0&version=2\"><\/script>\r\n\t\t\t\t<div id=\"booking-form\"><\/div>-->\r\n\t\t\t\t<div id=\"octosection\"><script type=\"text\/javascript\" src=\"https:\/\/resx.octorate.com\/octobook\/resources\/widget\/js\/form.js\" data-sitekey=\"271c7abc320fefd4bf534b4d85892c73\"><\/script><\/div>\r\n\t\t\t<\/div>\r\n\t\t<\/div>\r\n\t<\/div>\r\n<\/div>[\/vc_column][\/vc_row][vc_row iw_layout=&#8221;wide-bg&#8221; css=&#8221;.vc_custom_1472550154905{padding-bottom: 400px !important;}&#8221;][vc_column]<div class=\"iw-heading  style1  text-center\" style=\"width: 65%\"><div class=\"iwh-sub-title\" style=\"\">Welcome to<\/div><h3 class=\"iwh-title\" style=\"margin-bottom: 60px\">Elba Hotel from 1948<\/h3><div class=\"iwh-description\" style=\"\">Elba Hotels Rosignano Solvay, easily accessible from major Historic Places of the Etruscan Coast of Tuscany and is located in a strategic position: 500 am from the Port of Taste of Marina Cala de 'Medici, 200 am the famous White Beach, a 2.5 km from Castiglioncello 100 am and from sports facilities, the site of important events at international level.<\/div><\/div>[\/vc_column][\/vc_row][vc_row iw_layout=&#8221;wide-bg&#8221;][vc_column width=&#8221;1\/12&#8243;][\/vc_column][vc_column width=&#8221;10\/12&#8243; css=&#8221;.vc_custom_1472550011058{margin-top: -310px !important;margin-bottom: 90px !important;}&#8221;]                    <div class=\"iw-slider-gallery  style3\">\r\n                        <div class=\"owl-carousel\" data-plugin-options=\"{&quot;navigation&quot;:false,&quot;autoHeight&quot;:false,&quot;pagination&quot;:true,&quot;autoPlay&quot;:false,&quot;paginationNumbers&quot;:false,&quot;items&quot;:&quot;1&quot;,&quot;itemsDesktop&quot;:[1199,&quot;&quot;],&quot;itemsDesktopSmall&quot;:[991,&quot;1&quot;],&quot;itemsTablet&quot;:[767,&quot;1&quot;],&quot;itemsTabletSmall&quot;:false,&quot;itemsMobile&quot;:[479,1],&quot;navigationText&quot;:[&quot;back&quot;,&quot;next&quot;]}\">\r\n                                                            <div class=\"gallery-item\">\r\n                                                                        <img src=\"https:\/\/www.elbahotel.net\/wp-content\/uploads\/2016\/11\/elba-hotel-10.jpg\" alt=\"\"\/>\r\n                                <\/div>\r\n                                                            <div class=\"gallery-item\">\r\n                                                                        <img src=\"https:\/\/www.elbahotel.net\/wp-content\/uploads\/2016\/11\/elba-hotel-5.jpg\" alt=\"\"\/>\r\n                                <\/div>\r\n                                                    <\/div>\r\n                    <\/div>\r\n                    <div class=\"iw-more-gallery\">\r\n                        <a href=\"\/en\/fotogallery-hotel-rosignano-solvay\/\"> See all photos<\/a>\r\n                    <\/div>\r\n                    [\/vc_column][vc_column width=&#8221;1\/12&#8243;][\/vc_column][\/vc_row][vc_row iw_layout=&#8221;wide-content&#8221;][vc_column]<div class=\"iwb-rooms-slider2 slider3\">\r\n\t\t\t<div class=\"title-block\">\r\n\t\t\t\t\t\t\t<div class=\"sub-title\"> Discover our rooms<\/div>\r\n\t\t\t\t\t\t\t\t\t\t<h3 class=\"title\">Rooms and Apartments<\/h3>\r\n\t\t\t\t\t<\/div>\r\n\t\t\r\n\t<div class=\"slider-main\">\r\n\t\t<div class=\"block-bg\">\r\n\t\t\t<div class=\"container\">\r\n\t\t\t\t<div class=\"container-bg-1\">\r\n\t\t\t\t\t<div class=\"container-bg-2\">\r\n\t\t\t\t\r\n\t\t\t\t\t<\/div>\r\n\t\t\t\t<\/div>\r\n\t\t\t<\/div>\r\n\t\t<\/div>\r\n\t\t<div class=\"slider-content\">\r\n\t\t\t\t\t\t\t<div class=\"slider-item\">\r\n\t\t\t\t\t<div class=\"slider-item-inner-wrap\">\r\n\t\t\t\t\t\t<div class=\"slider-item-inner\">\r\n\t\t\t\t\t\t\t<div class=\"image\">\r\n\t\t\t\t\t\t\t\t\t\t\t\t\t\t\t\t<img src=\"https:\/\/www.elbahotel.net\/wp-content\/uploads\/2016\/07\/camere-1-bis-970x615.jpg\" alt=\"\"\/>\r\n\t\t\t\t\t\t\t<\/div>\r\n\t\t\t\t\t\t\t\t\t\t\t\t\t\t<h3 class=\"post-title\" style=\"color:#fff\"><a href=\"\/en\/rooms-rosignano-solvay\/\">Camere<\/a><\/h3>\r\n\t\t\t\t\t\t<\/div>\r\n\t\t\t\t\t<\/div>\r\n\t\t\t\t<\/div>\r\n\t\t\t\t\t\t\t<div class=\"slider-item\">\r\n\t\t\t\t\t<div class=\"slider-item-inner-wrap\">\r\n\t\t\t\t\t\t<div class=\"slider-item-inner\">\r\n\t\t\t\t\t\t\t<div class=\"image\">\r\n\t\t\t\t\t\t\t\t\t\t\t\t\t\t\t\t<img src=\"https:\/\/www.elbahotel.net\/wp-content\/uploads\/2016\/11\/camere-3-970x615.jpg\" alt=\"\"\/>\r\n\t\t\t\t\t\t\t<\/div>\r\n\t\t\t\t\t\t\t\t\t\t\t\t\t\t<h3 class=\"post-title\" style=\"color:#fff\"><a href=\"\/en\/apartments-castiglioncello\/\">Appartamenti La Torre<\/a><\/h3>\r\n\t\t\t\t\t\t<\/div>\r\n\t\t\t\t\t<\/div>\r\n\t\t\t\t<\/div>\r\n\t\t\t\t\t\t\t<div class=\"slider-item\">\r\n\t\t\t\t\t<div class=\"slider-item-inner-wrap\">\r\n\t\t\t\t\t\t<div class=\"slider-item-inner\">\r\n\t\t\t\t\t\t\t<div class=\"image\">\r\n\t\t\t\t\t\t\t\t\t\t\t\t\t\t\t\t<img src=\"https:\/\/www.elbahotel.net\/wp-content\/uploads\/2016\/11\/camere-2-1-970x615.jpg\" alt=\"\"\/>\r\n\t\t\t\t\t\t\t<\/div>\r\n\t\t\t\t\t\t\t\t\t\t\t\t\t\t<h3 class=\"post-title\" style=\"color:#fff\"><a href=\"\/en\/apartments-castiglioncello\/\">Villa Violetta<\/a><\/h3>\r\n\t\t\t\t\t\t<\/div>\r\n\t\t\t\t\t<\/div>\r\n\t\t\t\t<\/div>\r\n\t\t\t\t\t<\/div>\r\n\t<\/div>\r\n<\/div>\r\n[\/vc_column][\/vc_row][vc_row iw_layout=&#8221;wide-bg&#8221; css=&#8221;.vc_custom_1481536135313{padding-bottom: 155px !important;}&#8221;][vc_column][vc_row_inner css=&#8221;.vc_custom_1467196125412{margin-top: 160px !important;padding-top: 80px !important;padding-bottom: 70px !important;background-color: #ffffff !important;}&#8221;][vc_column_inner]<div class=\"iw-heading  style1 vc_custom_1480067318215 text-center\" style=\"width: 100%\"><div class=\"iwh-sub-title\" style=\"\">our customers<\/div><h3 class=\"iwh-title\" style=\"font-size: 60px\">About us<\/h3><\/div><div class=\"info-testimonials style1  text-center\"><span class=\"testimonials\">L'Elba Hotel Elba \u00e8 proprio davanti alla stazione dei treni, dunque comodissimo per una scampagnata di qualche giorno ma anche per alloggi pi\u00f9 duraturi visto che \u00e8 fornito di un parcheggio interno. L'ambiente \u00e8 molto tranquillo e familiare. Lo staff \u00e8 cordiale anche se questa parola non rende l'idea della disponibilit\u00e0 che TUTTI gli impiegati hanno nei confronti dei clienti. La camera era molto ampia e il bagno era veramente enorme. L'hotel ha anche una terrazza sempre aperta. La mia esperienza \u00e8 stata davvero piacevole mi sono sentita a casa lontano da casa!<\/span><div class=\"iw-star-rating\"><span class=\"rating\" style=\"width: 100%\"><\/span><\/div><div class=\"testimonials-image\"><img src=\"https:\/\/www.elbahotel.net\/wp-content\/uploads\/2016\/06\/logo_tripadvisor.png\" alt=\"Giuditta B\"><\/div><div class=\"testimonials-author\"><span class=\"author\">Giuditta B - <\/span><span class=\"text\">Review from <\/span><span class=\"review-from\">TripAdvisor<\/span><\/div><\/div>[\/vc_column_inner][\/vc_row_inner]<div class=\"iw-heading  style1 vc_custom_1480067438916 text-center\" style=\"width: 100%\"><div class=\"iwh-sub-title\" style=\"\">Save with Elba Hotel<\/div><h3 class=\"iwh-title\" style=\"font-size: 60px\">News &amp; Offers<\/h3><\/div>                    <div class=\"iw-posts  style1\">\r\n                        <div class=\"iw-posts-list row\">\r\n                                                    <\/div>\r\n                    <\/div>\r\n                    [\/vc_column][\/vc_row][vc_row iw_layout=&#8221;wide-content&#8221;][vc_column width=&#8221;7\/12&#8243;]<div class=\"inwave-map style1\"><div class=\"map-contain\" data-title=\"\" data-description=\"Via Mazzini, 1&lt;br \/&gt;\nROSIGNANO SOLVAY (LI)&lt;br \/&gt;\n\" data-marker_icon=\"\" data-lat=\"43.389414\" data-long=\"10.435925\" data-zoom=\"16\" data-panby_x=\"\" data-panby_y=\"\" data-draggable=\"1\" ><div class=\"map-view map-frame\" style=\"height:750px\"><\/div><\/div><\/div>[\/vc_column][vc_column width=&#8221;5\/12&#8243; css=&#8221;.vc_custom_1467972901728{padding-right: 70px !important;padding-left: 70px !important;}&#8221;]<div class=\"iw-heading  style1 vc_custom_1480067479413\" style=\"width: 100%\"><div class=\"iwh-sub-title\" style=\"\">ELBA HOTEL<\/div><h3 class=\"iwh-title\" style=\"font-size: 60px\">Contact<\/h3><\/div>[vc_column_text]<\/p>\n<div class=\"contact-address\">\n<div class=\"city\"><span class=\"black-color\">Rosignano Solvay, <\/span><span class=\"light-gray-color\">Livorno<\/span><\/div>\n<div class=\"address gray-color\">Via Mazzini, 1<br \/>\nVia Aurelia, 301<\/div>\n<div class=\"email\"><span class=\"black-color label\">Email: <\/span>info@elbahotel.net<\/div>\n<div class=\"phone\">\n<div class=\"light-gray-color\">Phone:<\/div>\n<div class=\"phone-number black-color\">+39 0586.76.09.39<\/div>\n<\/div>\n<\/div>\n<p>[\/vc_column_text][\/vc_column][\/vc_row]<\/p>\n","protected":false},"excerpt":{"rendered":"<p>[vc_row css=&#8221;.vc_custom_1467596850005{margin-top: -90px !important;margin-bottom: 90px !important;}&#8221;][vc_column][\/vc_column][\/vc_row][vc_row iw_layout=&#8221;wide-bg&#8221; css=&#8221;.vc_custom_1472550154905{padding-bottom: 400px !important;}&#8221;][vc_column][\/vc_column][\/vc_row][vc_row iw_layout=&#8221;wide-bg&#8221;][vc_column width=&#8221;1\/12&#8243;][\/vc_column][vc_column width=&#8221;10\/12&#8243; css=&#8221;.vc_custom_1472550011058{margin-top: -310px !important;margin-bottom: 90px !important;}&#8221;][\/vc_column][vc_column width=&#8221;1\/12&#8243;][\/vc_column][\/vc_row][vc_row iw_layout=&#8221;wide-content&#8221;][vc_column][\/vc_column][\/vc_row][vc_row iw_layout=&#8221;wide-bg&#8221; css=&#8221;.vc_custom_1481536135313{padding-bottom: 155px !important;}&#8221;][vc_column][vc_row_inner css=&#8221;.vc_custom_1467196125412{margin-top: 160px !important;padding-top: 80px !important;padding-bottom: 70px !important;background-color: #ffffff !important;}&#8221;][vc_column_inner][\/vc_column_inner][\/vc_row_inner][\/vc_column][\/vc_row][vc_row iw_layout=&#8221;wide-content&#8221;][vc_column width=&#8221;7\/12&#8243;][\/vc_column][vc_column width=&#8221;5\/12&#8243; css=&#8221;.vc_custom_1467972901728{padding-right: 70px !important;padding-left: 70px !important;}&#8221;][vc_column_text] Rosignano Solvay, Livorno Via Mazzini, 1 Via Aurelia, 301 Email: info@elbahotel.net Phone: +39 0586.76.09.39 [&hellip;]<\/p>\n","protected":false},"author":1,"featured_media":0,"parent":0,"menu_order":1,"comment_status":"closed","ping_status":"closed","template":"page-templates\/home-page.php","meta":{"_expiration-date-status":"saved","_expiration-date":0,"_expiration-date-type":"","_expiration-date-categories":[],"_expiration-date-options":[]},"yoast_head":"<!-- This site is optimized with the Yoast SEO plugin v19.9 - https:\/\/yoast.com\/wordpress\/plugins\/seo\/ -->\n<title>HOTEL CASTIGLIONCELLO: Elba Hotel<\/title>\n<meta name=\"description\" content=\"Hotel Castiglioncello, Hotel Rosignano, Castiglioncello 3 stars hotels, hotels with meeting facilities Castiglioncello, 3 Star Hotel Rosignano, Rosignano Hotels with meeting facilities, hotel Elba, Elba 3 star hotel, Elba hotel with meeting facilities\" \/>\n<meta name=\"robots\" content=\"index, follow, max-snippet:-1, max-image-preview:large, max-video-preview:-1\" \/>\n<link rel=\"canonical\" href=\"https:\/\/www.elbahotel.net\/en\/hotel-castiglioncello\/\" \/>\n<meta property=\"og:locale\" content=\"en_US\" \/>\n<meta property=\"og:type\" content=\"article\" \/>\n<meta property=\"og:title\" content=\"HOTEL CASTIGLIONCELLO: Elba Hotel\" \/>\n<meta property=\"og:description\" content=\"Hotel Castiglioncello, Hotel Rosignano, Castiglioncello 3 stars hotels, hotels with meeting facilities Castiglioncello, 3 Star Hotel Rosignano, Rosignano Hotels with meeting facilities, hotel Elba, Elba 3 star hotel, Elba hotel with meeting facilities\" \/>\n<meta property=\"og:url\" content=\"https:\/\/www.elbahotel.net\/en\/hotel-castiglioncello\/\" \/>\n<meta property=\"og:site_name\" content=\"elbahotel.net\" \/>\n<meta property=\"article:modified_time\" content=\"2016-12-12T09:48:59+00:00\" \/>\n<meta name=\"twitter:card\" content=\"summary_large_image\" \/>\n<meta name=\"twitter:label1\" content=\"Est. reading time\" \/>\n\t<meta name=\"twitter:data1\" content=\"2 minutes\" \/>\n<script type=\"application\/ld+json\" class=\"yoast-schema-graph\">{\"@context\":\"https:\/\/schema.org\",\"@graph\":[{\"@type\":\"WebPage\",\"@id\":\"https:\/\/www.elbahotel.net\/en\/hotel-castiglioncello\/\",\"url\":\"https:\/\/www.elbahotel.net\/en\/hotel-castiglioncello\/\",\"name\":\"HOTEL CASTIGLIONCELLO: Elba Hotel\",\"isPartOf\":{\"@id\":\"https:\/\/www.elbahotel.net\/#website\"},\"datePublished\":\"2016-06-21T08:52:37+00:00\",\"dateModified\":\"2016-12-12T09:48:59+00:00\",\"description\":\"Hotel Castiglioncello, Hotel Rosignano, Castiglioncello 3 stars hotels, hotels with meeting facilities Castiglioncello, 3 Star Hotel Rosignano, Rosignano Hotels with meeting facilities, hotel Elba, Elba 3 star hotel, Elba hotel with meeting facilities\",\"breadcrumb\":{\"@id\":\"https:\/\/www.elbahotel.net\/en\/hotel-castiglioncello\/#breadcrumb\"},\"inLanguage\":\"en-US\",\"potentialAction\":[{\"@type\":\"ReadAction\",\"target\":[\"https:\/\/www.elbahotel.net\/en\/hotel-castiglioncello\/\"]}]},{\"@type\":\"BreadcrumbList\",\"@id\":\"https:\/\/www.elbahotel.net\/en\/hotel-castiglioncello\/#breadcrumb\",\"itemListElement\":[{\"@type\":\"ListItem\",\"position\":1,\"name\":\"Home\",\"item\":\"https:\/\/www.elbahotel.net\/en\/hotel-castiglioncello\/\"},{\"@type\":\"ListItem\",\"position\":2,\"name\":\"HOTEL CASTIGLIONCELLO\"}]},{\"@type\":\"WebSite\",\"@id\":\"https:\/\/www.elbahotel.net\/#website\",\"url\":\"https:\/\/www.elbahotel.net\/\",\"name\":\"elbahotel.net\",\"description\":\"Just another WordPress site\",\"potentialAction\":[{\"@type\":\"SearchAction\",\"target\":{\"@type\":\"EntryPoint\",\"urlTemplate\":\"https:\/\/www.elbahotel.net\/?s={search_term_string}\"},\"query-input\":\"required name=search_term_string\"}],\"inLanguage\":\"en-US\"}]}<\/script>\n<!-- \/ Yoast SEO plugin. -->","yoast_head_json":{"title":"HOTEL CASTIGLIONCELLO: Elba Hotel","description":"Hotel Castiglioncello, Hotel Rosignano, Castiglioncello 3 stars hotels, hotels with meeting facilities Castiglioncello, 3 Star Hotel Rosignano, Rosignano Hotels with meeting facilities, hotel Elba, Elba 3 star hotel, Elba hotel with meeting facilities","robots":{"index":"index","follow":"follow","max-snippet":"max-snippet:-1","max-image-preview":"max-image-preview:large","max-video-preview":"max-video-preview:-1"},"canonical":"https:\/\/www.elbahotel.net\/en\/hotel-castiglioncello\/","og_locale":"en_US","og_type":"article","og_title":"HOTEL CASTIGLIONCELLO: Elba Hotel","og_description":"Hotel Castiglioncello, Hotel Rosignano, Castiglioncello 3 stars hotels, hotels with meeting facilities Castiglioncello, 3 Star Hotel Rosignano, Rosignano Hotels with meeting facilities, hotel Elba, Elba 3 star hotel, Elba hotel with meeting facilities","og_url":"https:\/\/www.elbahotel.net\/en\/hotel-castiglioncello\/","og_site_name":"elbahotel.net","article_modified_time":"2016-12-12T09:48:59+00:00","twitter_card":"summary_large_image","twitter_misc":{"Est. reading time":"2 minutes"},"schema":{"@context":"https:\/\/schema.org","@graph":[{"@type":"WebPage","@id":"https:\/\/www.elbahotel.net\/en\/hotel-castiglioncello\/","url":"https:\/\/www.elbahotel.net\/en\/hotel-castiglioncello\/","name":"HOTEL CASTIGLIONCELLO: Elba Hotel","isPartOf":{"@id":"https:\/\/www.elbahotel.net\/#website"},"datePublished":"2016-06-21T08:52:37+00:00","dateModified":"2016-12-12T09:48:59+00:00","description":"Hotel Castiglioncello, Hotel Rosignano, Castiglioncello 3 stars hotels, hotels with meeting facilities Castiglioncello, 3 Star Hotel Rosignano, Rosignano Hotels with meeting facilities, hotel Elba, Elba 3 star hotel, Elba hotel with meeting facilities","breadcrumb":{"@id":"https:\/\/www.elbahotel.net\/en\/hotel-castiglioncello\/#breadcrumb"},"inLanguage":"en-US","potentialAction":[{"@type":"ReadAction","target":["https:\/\/www.elbahotel.net\/en\/hotel-castiglioncello\/"]}]},{"@type":"BreadcrumbList","@id":"https:\/\/www.elbahotel.net\/en\/hotel-castiglioncello\/#breadcrumb","itemListElement":[{"@type":"ListItem","position":1,"name":"Home","item":"https:\/\/www.elbahotel.net\/en\/hotel-castiglioncello\/"},{"@type":"ListItem","position":2,"name":"HOTEL CASTIGLIONCELLO"}]},{"@type":"WebSite","@id":"https:\/\/www.elbahotel.net\/#website","url":"https:\/\/www.elbahotel.net\/","name":"elbahotel.net","description":"Just another WordPress site","potentialAction":[{"@type":"SearchAction","target":{"@type":"EntryPoint","urlTemplate":"https:\/\/www.elbahotel.net\/?s={search_term_string}"},"query-input":"required name=search_term_string"}],"inLanguage":"en-US"}]}},"_links":{"self":[{"href":"https:\/\/www.elbahotel.net\/en\/wp-json\/wp\/v2\/pages\/1477"}],"collection":[{"href":"https:\/\/www.elbahotel.net\/en\/wp-json\/wp\/v2\/pages"}],"about":[{"href":"https:\/\/www.elbahotel.net\/en\/wp-json\/wp\/v2\/types\/page"}],"author":[{"embeddable":true,"href":"https:\/\/www.elbahotel.net\/en\/wp-json\/wp\/v2\/users\/1"}],"replies":[{"embeddable":true,"href":"https:\/\/www.elbahotel.net\/en\/wp-json\/wp\/v2\/comments?post=1477"}],"version-history":[{"count":0,"href":"https:\/\/www.elbahotel.net\/en\/wp-json\/wp\/v2\/pages\/1477\/revisions"}],"wp:attachment":[{"href":"https:\/\/www.elbahotel.net\/en\/wp-json\/wp\/v2\/media?parent=1477"}],"curies":[{"name":"wp","href":"https:\/\/api.w.org\/{rel}","templated":true}]}}